{"id":29136,"date":"2026-03-18T22:44:15","date_gmt":"2026-03-18T22:44:15","guid":{"rendered":"https:\/\/woonkashop.online\/?post_type=product&#038;p=29136"},"modified":"2026-03-18T22:44:53","modified_gmt":"2026-03-18T22:44:53","slug":"29136","status":"publish","type":"product","link":"https:\/\/woonkashop.online\/es\/producto\/29136\/","title":{"rendered":"Alien Kush Just Delta-8 Live Resin Disposable 2G"},"content":{"rendered":"<p>Descubre Just Delta-8 Live Resin Desechable, una mezcla de 2 gramos de resina viva delta-8 y terpenos de origen vegetal en un pr\u00e1ctico vaporizador desechable.<\/p>\n<p>Caracter\u00edsticas de Just Delta-8 Live Resin Desechable 2G:<br \/>\n\u2022 Capacidad: 2 g<br \/>\n\u2022 Bater\u00eda: Recargable integrada<br \/>\n\u2022 Cannabinoides: Delta-8, Terpenos<br \/>\n\u2022 Concentrado: Resina viva<br \/>\n\u2022 Resistencia: Resistencia cer\u00e1mica<br \/>\n\u2022 Activaci\u00f3n: Activaci\u00f3n por inhalaci\u00f3n<br \/>\n\u2022 Indicador LED de bater\u00eda<br \/>\n\u2022 Material: Policarbonato<br \/>\n\u2022 &lt; 0.3 % de Delta-9 THC<br \/>\n\u2022 Sin rellenos<br \/>\n\u2022 Probado por laboratorios independientes<br \/>\n\u2022 Carga: Puerto USB tipo C<\/p>\n<p>Opciones disponibles:<br \/>\nAlien Kush, Green Crack<\/p>\n<p>Advertencia: El consumo de este producto puede exponerle a sustancias qu\u00edmicas como el betamirceno, que seg\u00fan el estado de California causa c\u00e1ncer, y el \u03949-tetrahidrocannabinol, que seg\u00fan el estado de California causa defectos de nacimiento u otros da\u00f1os reproductivos.<\/p>","protected":false},"excerpt":{"rendered":"<p>Descubre Just Delta-8 Live Resin Desechable, una mezcla de 2 gramos de resina viva delta-8 y terpenos de origen vegetal en un pr\u00e1ctico vaporizador desechable.<\/p>","protected":false},"featured_media":29137,"comment_status":"open","ping_status":"closed","template":"","meta":[],"product_brand":[],"product_cat":[74],"product_tag":[],"class_list":{"0":"post-29136","1":"product","2":"type-product","3":"status-publish","4":"has-post-thumbnail","6":"product_cat-vapes","8":"first","9":"instock","10":"shipping-taxable","11":"purchasable","12":"product-type-simple"},"_links":{"self":[{"href":"https:\/\/woonkashop.online\/es\/wp-json\/wp\/v2\/product\/29136","targetHints":{"allow":["GET"]}}],"collection":[{"href":"https:\/\/woonkashop.online\/es\/wp-json\/wp\/v2\/product"}],"about":[{"href":"https:\/\/woonkashop.online\/es\/wp-json\/wp\/v2\/types\/product"}],"replies":[{"embeddable":true,"href":"https:\/\/woonkashop.online\/es\/wp-json\/wp\/v2\/comments?post=29136"}],"version-history":[{"count":3,"href":"https:\/\/woonkashop.online\/es\/wp-json\/wp\/v2\/product\/29136\/revisions"}],"predecessor-version":[{"id":29140,"href":"https:\/\/woonkashop.online\/es\/wp-json\/wp\/v2\/product\/29136\/revisions\/29140"}],"wp:featuredmedia":[{"embeddable":true,"href":"https:\/\/woonkashop.online\/es\/wp-json\/wp\/v2\/media\/29137"}],"wp:attachment":[{"href":"https:\/\/woonkashop.online\/es\/wp-json\/wp\/v2\/media?parent=29136"}],"wp:term":[{"taxonomy":"product_brand","embeddable":true,"href":"https:\/\/woonkashop.online\/es\/wp-json\/wp\/v2\/product_brand?post=29136"},{"taxonomy":"product_cat","embeddable":true,"href":"https:\/\/woonkashop.online\/es\/wp-json\/wp\/v2\/product_cat?post=29136"},{"taxonomy":"product_tag","embeddable":true,"href":"https:\/\/woonkashop.online\/es\/wp-json\/wp\/v2\/product_tag?post=29136"}],"curies":[{"name":"wp","href":"https:\/\/api.w.org\/{rel}","templated":true}]}}