{"id":29141,"date":"2026-03-18T22:49:21","date_gmt":"2026-03-18T22:49:21","guid":{"rendered":"https:\/\/woonkashop.online\/?post_type=product&#038;p=29141"},"modified":"2026-03-18T22:49:21","modified_gmt":"2026-03-18T22:49:21","slug":"mtrx-12000-disposable-cherry-strazz-mtrx","status":"publish","type":"product","link":"https:\/\/woonkashop.online\/es\/producto\/mtrx-12000-disposable-cherry-strazz-mtrx\/","title":{"rendered":"MTRX 12000 Disposable &#8211; Cherry Strazz MTRX"},"content":{"rendered":"<p>Descubre el vaporizador desechable MTRX 12K, con dise\u00f1o de resistencia simple o doble, modo normal o potenciado, y un sabor excepcional gracias a sus indicadores de l\u00edquido y bater\u00eda. Equipado con 15 ml de l\u00edquido, el MTRX desechable utiliza un l\u00edquido con un 5 % de nicotina para ofrecer 12\u00a0000 caladas en modo normal con resistencia simple. Al activar el modo potenciado, se activa la segunda resistencia simult\u00e1neamente, creando intensas nubes de vapor con un sabor intenso, aunque esto implica un mayor consumo de l\u00edquido, menor duraci\u00f3n de la bater\u00eda y menor n\u00famero de caladas. El MTRX 12000 desechable muestra la informaci\u00f3n a trav\u00e9s de su pantalla HD, se activa al inhalar y se recarga mediante puerto USB-C.<\/p>\n<p>CARACTER\u00cdSTICAS DEL VAPORIZADOR DESECHABLE MTRX 12000:<br \/>\n\u2022 CAPACIDAD DE CARGA: 15 ml<br \/>\n\u2022 CAPACIDAD DE LA BATER\u00cdA: 650 mAh<br \/>\n\u2022 M\u00c1XIMAS CALIBRADAS: 12000<br \/>\n\u2022 CONCENTRACI\u00d3N DE NICOTINA: 5 % (50 mg)<br \/>\n\u2022 FUNCIONAMIENTO: Activaci\u00f3n por inhalaci\u00f3n<br \/>\n\u2022 ELEMENTO CALEFACTOR: Resistencias de malla simple o doble<br \/>\n\u2022 FLUJO DE AIRE: Ajustable<br \/>\n\u2022 PANTALLA: Pantalla HD<br \/>\n\u2022 CARGA: USB Tipo C<br \/>\n\u2022 Indicador de duraci\u00f3n de la bater\u00eda<br \/>\n\u2022 Indicador de nivel de l\u00edquido<br \/>\n\u2022 Modo normal: 12000 caladas<br \/>\n\u2022 Modo potencia: 6000 caladas<\/p>\n<p>INCLUYE:<br \/>\n\u2022 1 VAPORIZADOR DESECHABLE MTRX 12000<\/p>","protected":false},"excerpt":{"rendered":"<p>Descubre el vaporizador desechable MTRX 12K, con dise\u00f1o de resistencia simple o doble, modo normal o potenciado, y un sabor excepcional gracias a sus indicadores de l\u00edquido y bater\u00eda. Equipado con 15 ml de l\u00edquido, el MTRX desechable utiliza un l\u00edquido con un 5 % de nicotina para ofrecer 12\u00a0000 caladas en modo normal con resistencia simple.<\/p>","protected":false},"featured_media":29142,"comment_status":"open","ping_status":"closed","template":"","meta":[],"product_brand":[],"product_cat":[74],"product_tag":[],"class_list":{"0":"post-29141","1":"product","2":"type-product","3":"status-publish","4":"has-post-thumbnail","6":"product_cat-vapes","8":"first","9":"instock","10":"shipping-taxable","11":"purchasable","12":"product-type-simple"},"_links":{"self":[{"href":"https:\/\/woonkashop.online\/es\/wp-json\/wp\/v2\/product\/29141","targetHints":{"allow":["GET"]}}],"collection":[{"href":"https:\/\/woonkashop.online\/es\/wp-json\/wp\/v2\/product"}],"about":[{"href":"https:\/\/woonkashop.online\/es\/wp-json\/wp\/v2\/types\/product"}],"replies":[{"embeddable":true,"href":"https:\/\/woonkashop.online\/es\/wp-json\/wp\/v2\/comments?post=29141"}],"version-history":[{"count":1,"href":"https:\/\/woonkashop.online\/es\/wp-json\/wp\/v2\/product\/29141\/revisions"}],"predecessor-version":[{"id":29145,"href":"https:\/\/woonkashop.online\/es\/wp-json\/wp\/v2\/product\/29141\/revisions\/29145"}],"wp:featuredmedia":[{"embeddable":true,"href":"https:\/\/woonkashop.online\/es\/wp-json\/wp\/v2\/media\/29142"}],"wp:attachment":[{"href":"https:\/\/woonkashop.online\/es\/wp-json\/wp\/v2\/media?parent=29141"}],"wp:term":[{"taxonomy":"product_brand","embeddable":true,"href":"https:\/\/woonkashop.online\/es\/wp-json\/wp\/v2\/product_brand?post=29141"},{"taxonomy":"product_cat","embeddable":true,"href":"https:\/\/woonkashop.online\/es\/wp-json\/wp\/v2\/product_cat?post=29141"},{"taxonomy":"product_tag","embeddable":true,"href":"https:\/\/woonkashop.online\/es\/wp-json\/wp\/v2\/product_tag?post=29141"}],"curies":[{"name":"wp","href":"https:\/\/api.w.org\/{rel}","templated":true}]}}