{"id":29203,"date":"2026-03-19T01:17:52","date_gmt":"2026-03-19T01:17:52","guid":{"rendered":"https:\/\/woonkashop.online\/?post_type=product&#038;p=29203"},"modified":"2026-03-19T01:17:52","modified_gmt":"2026-03-19T01:17:52","slug":"cart-lemonade-thc-cbd","status":"publish","type":"product","link":"https:\/\/woonkashop.online\/es\/producto\/cart-lemonade-thc-cbd\/","title":{"rendered":"Cart Lemonade Thc-Cbd"},"content":{"rendered":"<p>Destilado Premium Importado<\/p>\n<p>Con terpenos 100% Naturales<\/p>\n<p>Sabor Citrus Punch<\/p>\n<p>Potencia y comodidad combinadas en nuestra bater\u00eda de vaporizadores. Rendimiento excepcional y dise\u00f1o ergon\u00f3mico para una experiencia de vapeo inigualable. \u00a1Explora nuevos sabores con confianza y seguridad!<\/p>\n<h3><strong>Incluye:<\/strong><\/h3>\n<ul>\n<li>Cartucho 1Gr \/ 500Puffs<\/li>\n<li>Protector plastico hermetico<\/li>\n<\/ul>","protected":false},"excerpt":{"rendered":"<p>Potencia y comodidad combinadas en nuestra bater\u00eda de vaporizadores. Rendimiento excepcional y dise\u00f1o ergon\u00f3mico para una experiencia de vapeo inigualable. \u00a1Explora nuevos sabores con confianza y seguridad!<\/p>","protected":false},"featured_media":29204,"comment_status":"open","ping_status":"closed","template":"","meta":[],"product_brand":[],"product_cat":[75],"product_tag":[],"class_list":{"0":"post-29203","1":"product","2":"type-product","3":"status-publish","4":"has-post-thumbnail","6":"product_cat-destilados","8":"first","9":"instock","10":"shipping-taxable","11":"purchasable","12":"product-type-simple"},"_links":{"self":[{"href":"https:\/\/woonkashop.online\/es\/wp-json\/wp\/v2\/product\/29203","targetHints":{"allow":["GET"]}}],"collection":[{"href":"https:\/\/woonkashop.online\/es\/wp-json\/wp\/v2\/product"}],"about":[{"href":"https:\/\/woonkashop.online\/es\/wp-json\/wp\/v2\/types\/product"}],"replies":[{"embeddable":true,"href":"https:\/\/woonkashop.online\/es\/wp-json\/wp\/v2\/comments?post=29203"}],"version-history":[{"count":1,"href":"https:\/\/woonkashop.online\/es\/wp-json\/wp\/v2\/product\/29203\/revisions"}],"predecessor-version":[{"id":29205,"href":"https:\/\/woonkashop.online\/es\/wp-json\/wp\/v2\/product\/29203\/revisions\/29205"}],"wp:featuredmedia":[{"embeddable":true,"href":"https:\/\/woonkashop.online\/es\/wp-json\/wp\/v2\/media\/29204"}],"wp:attachment":[{"href":"https:\/\/woonkashop.online\/es\/wp-json\/wp\/v2\/media?parent=29203"}],"wp:term":[{"taxonomy":"product_brand","embeddable":true,"href":"https:\/\/woonkashop.online\/es\/wp-json\/wp\/v2\/product_brand?post=29203"},{"taxonomy":"product_cat","embeddable":true,"href":"https:\/\/woonkashop.online\/es\/wp-json\/wp\/v2\/product_cat?post=29203"},{"taxonomy":"product_tag","embeddable":true,"href":"https:\/\/woonkashop.online\/es\/wp-json\/wp\/v2\/product_tag?post=29203"}],"curies":[{"name":"wp","href":"https:\/\/api.w.org\/{rel}","templated":true}]}}